{"id":49,"date":"2017-11-09T12:15:40","date_gmt":"2017-11-09T11:15:40","guid":{"rendered":"http:\/\/test.pylonenraeuber.de\/?page_id=49"},"modified":"2022-11-15T11:28:27","modified_gmt":"2022-11-15T10:28:27","slug":"ueber-mich","status":"publish","type":"page","link":"https:\/\/www.thatbasement.de\/index.php\/ueber-mich\/","title":{"rendered":"\u00dcber mich"},"content":{"rendered":"<p>Ich wei\u00df wie schwer es ist aus dem Proberaum auf die B\u00fchne zu kommen.<br \/>\nMan braucht gescheite Aufnahmen, um sich bei Veranstaltern zu bewerben und Gigs zu spielen.<\/p>\n<p>Gute Qualit\u00e4t muss nicht teuer sein!<br \/>\nMit gutem Equipment kann man sehr gute Ergebnisse erzielen, ohne sich mit riesengro\u00dfen akustisch optimierten R\u00e4umen und Mikrofonen im Gegenwert eines Kleinwagens in den Ruin zu treiben.<\/p>\n<p><img loading=\"lazy\" decoding=\"async\" class=\"wp-image-159 alignleft\" src=\"http:\/\/www.ThatBasement.de\/wp-content\/uploads\/2017\/11\/IMG_20171112_212854-223x300.jpg\" alt=\"Marko\" width=\"279\" height=\"375\" srcset=\"https:\/\/www.thatbasement.de\/wp-content\/uploads\/2017\/11\/IMG_20171112_212854-223x300.jpg 223w, https:\/\/www.thatbasement.de\/wp-content\/uploads\/2017\/11\/IMG_20171112_212854-768x1035.jpg 768w, https:\/\/www.thatbasement.de\/wp-content\/uploads\/2017\/11\/IMG_20171112_212854-760x1024.jpg 760w, https:\/\/www.thatbasement.de\/wp-content\/uploads\/2017\/11\/IMG_20171112_212854-1200x1618.jpg 1200w, https:\/\/www.thatbasement.de\/wp-content\/uploads\/2017\/11\/IMG_20171112_212854.jpg 1440w\" sizes=\"auto, (max-width: 279px) 85vw, 279px\" \/><\/p>\n<p>F\u00fcr die Aufnahmen zum Album &#8222;Faces of the Grave&#8220; habe ich meinen Keller zu einem Aufnahmeraum umgebaut und mit Equipment f\u00fcr die Aufnahme von allen Instrumenten der Band best\u00fcckt.<\/p>\n<p>In Zusammenarbeit mit den Trollheim-Studios in Osnabr\u00fcck entstand eine Aufnahme, die sich hinter &#8222;gro\u00dfen&#8220; Produktionen nicht verstecken muss.<\/p>\n<p>Weitere Aufnahmen mit diversen K\u00fcnstlern zeigen, dass in diesen R\u00e4umen nicht nur Metal, sondern auch jede andere Musikrichtung stilecht eingefangen werden kann.<\/p>\n<p>Sprecht mich an, wir finden eine L\u00f6sung!<\/p>\n","protected":false},"excerpt":{"rendered":"<p>Ich wei\u00df wie schwer es ist aus dem Proberaum auf die B\u00fchne zu kommen. Man braucht gescheite Aufnahmen, um sich bei Veranstaltern zu bewerben und Gigs zu spielen. Gute Qualit\u00e4t muss nicht teuer sein! Mit gutem Equipment kann man sehr gute Ergebnisse erzielen, ohne sich mit riesengro\u00dfen akustisch optimierten R\u00e4umen und Mikrofonen im Gegenwert eines &hellip; <a href=\"https:\/\/www.thatbasement.de\/index.php\/ueber-mich\/\" class=\"more-link\"><span class=\"screen-reader-text\">\u201e\u00dcber mich\u201c<\/span> weiterlesen<\/a><\/p>\n","protected":false},"author":1,"featured_media":0,"parent":0,"menu_order":0,"comment_status":"closed","ping_status":"closed","template":"","meta":{"ngg_post_thumbnail":0,"footnotes":""},"class_list":["post-49","page","type-page","status-publish","hentry"],"_links":{"self":[{"href":"https:\/\/www.thatbasement.de\/index.php\/wp-json\/wp\/v2\/pages\/49","targetHints":{"allow":["GET"]}}],"collection":[{"href":"https:\/\/www.thatbasement.de\/index.php\/wp-json\/wp\/v2\/pages"}],"about":[{"href":"https:\/\/www.thatbasement.de\/index.php\/wp-json\/wp\/v2\/types\/page"}],"author":[{"embeddable":true,"href":"https:\/\/www.thatbasement.de\/index.php\/wp-json\/wp\/v2\/users\/1"}],"replies":[{"embeddable":true,"href":"https:\/\/www.thatbasement.de\/index.php\/wp-json\/wp\/v2\/comments?post=49"}],"version-history":[{"count":25,"href":"https:\/\/www.thatbasement.de\/index.php\/wp-json\/wp\/v2\/pages\/49\/revisions"}],"predecessor-version":[{"id":552,"href":"https:\/\/www.thatbasement.de\/index.php\/wp-json\/wp\/v2\/pages\/49\/revisions\/552"}],"wp:attachment":[{"href":"https:\/\/www.thatbasement.de\/index.php\/wp-json\/wp\/v2\/media?parent=49"}],"curies":[{"name":"wp","href":"https:\/\/api.w.org\/{rel}","templated":true}]}}