{"id":343,"date":"2018-01-29T10:01:11","date_gmt":"2018-01-29T09:01:11","guid":{"rendered":"http:\/\/www.thatbasement.de\/index.php\/?page_id=343"},"modified":"2022-11-15T11:28:45","modified_gmt":"2022-11-15T10:28:45","slug":"faqs","status":"publish","type":"page","link":"https:\/\/www.thatbasement.de\/index.php\/faqs\/","title":{"rendered":"FAQ"},"content":{"rendered":"<p><strong>Wie teuer wird die Aufnahme?<\/strong><br \/>\nDas h\u00e4ngt von vielen Faktoren ab!<br \/>\n&#8211; Wie gut seid ihr vorbereitet? -&gt; Wie viele Takes braucht ihr um ein Lied einzuspielen?<br \/>\n&#8211; Wie viele Songs wollt ihr aufnehmen?<br \/>\n&#8211; Was f\u00fcr eine Spielzeit erwartet ihr?<br \/>\n&#8211; Wie aufw\u00e4ndig wollt ihr Mikrofonieren?<\/p>\n<p><strong>Wie bereite ich mich auf die Aufnahme vor?<\/strong><br \/>\n&#8211; Macht Probeaufnahmen. In vielen F\u00e4llen reicht es schon eine gute Position f\u00fcr ein Handy mitten im Raum zu suchen und bei der Probe mit laufen lassen. So h\u00f6rt man Spielfehler und kann sich \u00fcber Details des Songs unterhalten.<br \/>\n&#8211; Wie soll die Aufnahme klingen? Man kann den Sound genau einmal einstellen, im Nachgang l\u00e4sst sich die Welt nich mehr retten!<\/p>\n<p><strong>Warum klingt die Aufnahme nicht wie Band XY?<\/strong><br \/>\nAchtet auf gutes Equipment wenn ihr aufnehmt und h\u00f6rt euch vorher die Testaufnahmen genau an!<br \/>\n<strong><br \/>\nWie geht es weiter wenn die Aufnahmen fertig sind?<br \/>\n<\/strong>Wenn ihr gerade erst anfangt und eure ersten Auftritte spielen wollt gebe ich euch gerne Tips!<br \/>\nWo lasst ihr eure Tontr\u00e4ger anfertigen, wer macht das Artwork, wer macht die Homepage, T-Shirts&#8230;<br \/>\nSprecht mich an!<\/p>\n","protected":false},"excerpt":{"rendered":"<p>Wie teuer wird die Aufnahme? Das h\u00e4ngt von vielen Faktoren ab! &#8211; Wie gut seid ihr vorbereitet? -&gt; Wie viele Takes braucht ihr um ein Lied einzuspielen? &#8211; Wie viele Songs wollt ihr aufnehmen? &#8211; Was f\u00fcr eine Spielzeit erwartet ihr? &#8211; Wie aufw\u00e4ndig wollt ihr Mikrofonieren? Wie bereite ich mich auf die Aufnahme vor? &hellip; <a href=\"https:\/\/www.thatbasement.de\/index.php\/faqs\/\" class=\"more-link\"><span class=\"screen-reader-text\">\u201eFAQ\u201c<\/span> weiterlesen<\/a><\/p>\n","protected":false},"author":1,"featured_media":0,"parent":0,"menu_order":0,"comment_status":"closed","ping_status":"closed","template":"","meta":{"ngg_post_thumbnail":0,"footnotes":""},"class_list":["post-343","page","type-page","status-publish","hentry"],"_links":{"self":[{"href":"https:\/\/www.thatbasement.de\/index.php\/wp-json\/wp\/v2\/pages\/343","targetHints":{"allow":["GET"]}}],"collection":[{"href":"https:\/\/www.thatbasement.de\/index.php\/wp-json\/wp\/v2\/pages"}],"about":[{"href":"https:\/\/www.thatbasement.de\/index.php\/wp-json\/wp\/v2\/types\/page"}],"author":[{"embeddable":true,"href":"https:\/\/www.thatbasement.de\/index.php\/wp-json\/wp\/v2\/users\/1"}],"replies":[{"embeddable":true,"href":"https:\/\/www.thatbasement.de\/index.php\/wp-json\/wp\/v2\/comments?post=343"}],"version-history":[{"count":18,"href":"https:\/\/www.thatbasement.de\/index.php\/wp-json\/wp\/v2\/pages\/343\/revisions"}],"predecessor-version":[{"id":553,"href":"https:\/\/www.thatbasement.de\/index.php\/wp-json\/wp\/v2\/pages\/343\/revisions\/553"}],"wp:attachment":[{"href":"https:\/\/www.thatbasement.de\/index.php\/wp-json\/wp\/v2\/media?parent=343"}],"curies":[{"name":"wp","href":"https:\/\/api.w.org\/{rel}","templated":true}]}}