{"id":320,"date":"2018-01-29T09:01:05","date_gmt":"2018-01-29T08:01:05","guid":{"rendered":"http:\/\/www.thatbasement.de\/index.php\/?page_id=320"},"modified":"2022-11-15T11:28:01","modified_gmt":"2022-11-15T10:28:01","slug":"facebook","status":"publish","type":"page","link":"https:\/\/www.thatbasement.de\/index.php\/","title":{"rendered":"Neues"},"content":{"rendered":"<div class=\"cff-wrapper\"><div class=\"cff-wrapper-ctn \"  style=\"padding:0%;\" ><div id=\"cff\"  class=\"cff cff-list-container  cff-default-styles  cff-mob-cols-1 cff-tab-cols-1\"   style=\"width:100%;\"   data-char=\"400\"  data-cff-flags=\"gdpr\" ><div class=\"cff-posts-wrap\"><div id=\"cff_535453223508551_914447693811817\" class=\"cff-item cff-photo-post author-that-basement\" >\n\t\n<div class=\"cff-post-text\" >\n\t<span class=\"cff-text\" data-color=\"\">\n\t\tDie Boyz von <a href=\"https:\/\/facebook.com\/510036882451056\">Evoked<\/a> haben mir den Tag vers\u00fc\u00dft!<img class=\"cff-linebreak\" \/>Da hat das <a href=\"https:\/\/facebook.com\/810995009008472\">Hellforge Studio<\/a> ganze Arbeit geleistet!\t\t\t<\/span>\n\t<span class=\"cff-expand\">... <a href=\"#\" style=\"color: #\"><span class=\"cff-more\">Mehr sehen<\/span><span class=\"cff-less\">Weniger sehen<\/span><\/a><\/span>\n\n<\/div>\n\n<p class=\"cff-media-link\">\n\t<a href=\"https:\/\/www.facebook.com\/photo.php?fbid=914447680478485&#038;set=a.544957867427470&#038;type=3\" target=\"_blank\" style=\"color: #\">\n\t\t<span style=\"padding-right: 5px;\" class=\"fa fas fa-picture-o fa-image\"><\/span>Foto\t<\/a>\n<\/p>\n\t<\/div>\n\n\n\n<div id=\"cff_535453223508551_887496823173571\" class=\"cff-item cff-video-post author-that-basement\" >\n\t\n<div class=\"cff-post-text\" >\n\t<span class=\"cff-text\" data-color=\"\">\n\t\tImmoral Arts, by Evoked<span class=\"cff-post-desc\"  style=\"font-size:12px;\" >5 track album <\/span>\t\t\t<\/span>\n\t<span class=\"cff-expand\">... <a href=\"#\" style=\"color: #\"><span class=\"cff-more\">Mehr sehen<\/span><span class=\"cff-less\">Weniger sehen<\/span><\/a><\/span>\n\n<\/div>\n\n<p class=\"cff-media-link\">\n\t<a href=\"https:\/\/www.facebook.com\/535453223508551_887496823173571\" target=\"_blank\" style=\"color: #\">\n\t\t<span style=\"padding-right: 5px;\" class=\"fa fas fa-video-camera fa-video\"><\/span>Video\t<\/a>\n<\/p>\n\t<\/div>\n\n\n\n<div id=\"cff_535453223508551_644289887494267\" class=\"cff-item cff-photo-post author-that-basement\" >\n\t\n<div class=\"cff-post-text\" >\n\t<span class=\"cff-text\" data-color=\"\">\n\t\tDie sch\u00f6nen Momente \ud83e\udd70<img class=\"cff-linebreak\" \/>Testpressung von <a href=\"https:\/\/facebook.com\/263850500305693\">WILT<\/a> gegenh\u00f6ren. Was f\u00fcr eine Macht! Vielen Dank noch einmal an Laurent Teubl von den <a href=\"https:\/\/facebook.com\/165456547653376\">Sculpt Sound Studios<\/a> f\u00fcr die tolle Zusammenarbeit \ud83d\ude18\t\t\t<\/span>\n\t<span class=\"cff-expand\">... <a href=\"#\" style=\"color: #\"><span class=\"cff-more\">Mehr sehen<\/span><span class=\"cff-less\">Weniger sehen<\/span><\/a><\/span>\n\n<\/div>\n\n<p class=\"cff-media-link\">\n\t<a href=\"https:\/\/www.facebook.com\/photo.php?fbid=644289867494269&#038;set=a.544957867427470&#038;type=3\" target=\"_blank\" style=\"color: #\">\n\t\t<span style=\"padding-right: 5px;\" class=\"fa fas fa-picture-o fa-image\"><\/span>Foto\t<\/a>\n<\/p>\n\t<\/div>\n\n\n\n<div id=\"cff_535453223508551_637956768127579\" class=\"cff-item cff-link-item author-that-basement\" >\n\t\n<div class=\"cff-post-text\" >\n\t<span class=\"cff-text\" data-color=\"\">\n\t\tAb sofort gibt es den ersten Song der neuen Langrille von <a href=\"https:\/\/facebook.com\/263850500305693\">WILT<\/a> zu h\u00f6ren.<img class=\"cff-linebreak\" \/>Unfassbar fettes Brett ist das zusammen mit den <a href=\"https:\/\/facebook.com\/165456547653376\">Sculpt Sound Studios<\/a> geworden \ud83e\udd70\t\t\t<\/span>\n\t<span class=\"cff-expand\">... <a href=\"#\" style=\"color: #\"><span class=\"cff-more\">Mehr sehen<\/span><span class=\"cff-less\">Weniger sehen<\/span><\/a><\/span>\n\n<\/div>\n\n\n<div class=\"cff-shared-link \" >\n\t<div class=\"cff-text-link cff-no-image\">\n\t\t\t\t\t<p class=\"cff-link-title\" >\n\t\t\t\t<a href=\"https:\/\/www.facebook.com\/535453223508551\/posts\/637956768127579\" target=\"_blank\"  rel=\"nofollow noopener noreferrer\" style=\"color:#;\">Dieser Inhalt ist momentan nicht verf\u00fcgbar<\/a>\n\t\t\t<\/p>\n\t\t\n\t\t\n\t\t\t\t\t<span class=\"cff-post-desc\" >Dies passiert, wenn der Eigent\u00fcmer den Beitrag nur mit einer kleinen Personengruppe teilt oder er ge\u00e4ndert hat, wer ihn sehen kann. Es kann auch sein, dass der Content inzwischen gel\u00f6scht wurde.<\/span>\n\t\t\t\t\n\t<\/div>\n<\/div>\n\n<\/div>\n\n\n\n<div id=\"cff_535453223508551_633116068611649\" class=\"cff-item cff-photo-post author-that-basement\" >\n\t\n<div class=\"cff-post-text\" >\n\t<span class=\"cff-text\" data-color=\"\">\n\t\tNicht mehr lange, dann gibt es die neue Langrille von <a href=\"https:\/\/facebook.com\/263850500305693\">WILT<\/a> \ud83e\udd70<span class=\"cff-post-desc\"  style=\"font-size:12px;\" >&quot;\ud835\udd74\ud835\udd93\ud835\udd99\ud835\udd94 \ud835\udd79\ud835\udd94\ud835\udd99\ud835\udd8d\ud835\udd8e\ud835\udd93\ud835\udd8c\ud835\udd93\ud835\udd8a\ud835\udd98\ud835\udd98&quot; \ud835\udd6c\ud835\udd91\ud835\udd87\ud835\udd9a\ud835\udd92 \ud835\udd6c\ud835\udd93\ud835\udd93\ud835\udd94\ud835\udd9a\ud835\udd93\ud835\udd88\ud835\udd8a\ud835\udd92\ud835\udd8a\ud835\udd93\ud835\udd99 <img class=\"cff-linebreak\" \/><img class=\"cff-linebreak\" \/>Lange hat es gedauert, doch das Warten hat (fast) ein Ende! Wir freuen uns, Euch p\u00fcnktlich zum Jahresstart unser neues Album &quot;Into Nothingness&quot; vorstellen zu k\u00f6nnen! Es erwarten Euch acht Tracks altlastigen Death Metals ohne Kompromisse. Das d\u00fcstere Artwork wurde von Juanjo Castellano gefertigt, der auch schon durch seine Arbeiten f\u00fcr Revel in Flesh, Nightbearer, Interment und Sentient Horror dem geneigten Enthusiasten bekannt sein d\u00fcrfte. Mix und Master erfolgten nach der 2020er Regorged EP, abermals in den Sculpt Sound Studios durch Laurent Teubl (Chapel Of Disease). Ihr kennt ja die aktuelle Problematik in den Presswerken, daher k\u00f6nnen wir das endg\u00fcltige Ver\u00f6ffentlichungsdatum noch nicht genau nennen.<img class=\"cff-linebreak\" \/><img class=\"cff-linebreak\" \/>Finally it is time to unveil the artwork and title for our upcoming second full length album. With this release we will drag you &quot;Into Nothingness&quot;. It took us some time, but the wait is (nearly) over. Prepare yourself for eight crushing tracks of old fashioned Death Metal. The dark and sinister artwork was created by Juanjo Castellano who is already known for his works with Revel In Flesh, Nightbearer, Interment or Sentient Horror. The tracks were mixed and mastered by Laurent Teubl of Chapel of Disease in his Sculpt Sound Studios. As all of our releases &quot;Into Nothingness&quot; will be released DIY by yours truly!<img class=\"cff-linebreak\" \/><img class=\"cff-linebreak\" \/>Tracklist:<img class=\"cff-linebreak\" \/>01. Into Nothingness<img class=\"cff-linebreak\" \/>02. No Vital Signs<img class=\"cff-linebreak\" \/>03. The Tank<img class=\"cff-linebreak\" \/>04. Charon<img class=\"cff-linebreak\" \/>05. The Blackest Of Soil<img class=\"cff-linebreak\" \/>06. The End Is Near<img class=\"cff-linebreak\" \/>07. Convulsive Possessions<img class=\"cff-linebreak\" \/>08. Dracunculus Medinensis<img class=\"cff-linebreak\" \/><img class=\"cff-linebreak\" \/>Credits:<img class=\"cff-linebreak\" \/>Recorded by: Marko Sundermann at That Basement <img class=\"cff-linebreak\" \/>Mix\/Master by Laurent Teubl at Sculpt Sound Studios <img class=\"cff-linebreak\" \/>Artwork by: Juanjo Castellano Rosado <img class=\"cff-linebreak\" \/><img class=\"cff-linebreak\" \/>Release Date: TBA<img class=\"cff-linebreak\" \/><img class=\"cff-linebreak\" \/>Into Nothingness will be unleashed on Vinyl and CD!<img class=\"cff-linebreak\" \/><img class=\"cff-linebreak\" \/>&quot;...feeling numb,<img class=\"cff-linebreak\" \/>dying slow,<img class=\"cff-linebreak\" \/>until the very end,<img class=\"cff-linebreak\" \/>life surrenders...<img class=\"cff-linebreak\" \/>...INTO NOTHINGNESS!&quot;<img class=\"cff-linebreak\" \/><img class=\"cff-linebreak\" \/>\ud835\udd7e\ud835\udd95\ud835\udd97\ud835\udd8a\ud835\udd86\ud835\udd89 \ud835\udd7f\ud835\udd8d\ud835\udd8a \ud835\udd82\ud835\udd94\ud835\udd97\ud835\udd89 <\/span>\t\t\t<\/span>\n\t<span class=\"cff-expand\">... <a href=\"#\" style=\"color: #\"><span class=\"cff-more\">Mehr sehen<\/span><span class=\"cff-less\">Weniger sehen<\/span><\/a><\/span>\n\n<\/div>\n\n<p class=\"cff-media-link\">\n\t<a href=\"https:\/\/www.facebook.com\/photo.php?fbid=617766437019598&#038;set=a.133688245427422&#038;type=3\" target=\"_blank\" style=\"color: #\">\n\t\t<span style=\"padding-right: 5px;\" class=\"fa fas fa-picture-o fa-image\"><\/span>Foto\t<\/a>\n<\/p>\n\t<\/div>\n\n\n\n<div id=\"cff_535453223508551_619248543331735\" class=\"cff-item cff-photo-post author-that-basement\" >\n\t\n<div class=\"cff-post-text\" >\n\t<span class=\"cff-text\" data-color=\"\">\n\t\tGuckt was die Katze ins Haus geschleppt hat!<img class=\"cff-linebreak\" \/><img class=\"cff-linebreak\" \/><a href=\"https:\/\/facebook.com\/508628826175186\">WrestleManiacs<\/a> - Still Real To Us!<img class=\"cff-linebreak\" \/><img class=\"cff-linebreak\" \/>Danke an die Jungs f\u00fcr die CD \ud83e\udd70<img class=\"cff-linebreak\" \/><img class=\"cff-linebreak\" \/><a href=\"https:\/\/facebook.com\/595236473837105\">#soultonecymbals<\/a> <a href=\"https:\/\/facebook.com\/544141655645567\">#soultonecymbalsartist<\/a> <a href=\"https:\/\/facebook.com\/450042948403871\">#ThatBasement<\/a> <a href=\"https:\/\/facebook.com\/434422133319512\">#electrovoice<\/a> <a href=\"https:\/\/facebook.com\/462369190498957\">#wrestlemaniacs<\/a>\t\t\t<\/span>\n\t<span class=\"cff-expand\">... <a href=\"#\" style=\"color: #\"><span class=\"cff-more\">Mehr sehen<\/span><span class=\"cff-less\">Weniger sehen<\/span><\/a><\/span>\n\n<\/div>\n\n<p class=\"cff-media-link\">\n\t<a href=\"https:\/\/www.facebook.com\/photo.php?fbid=619247833331806&#038;set=a.544957864094137&#038;type=3\" target=\"_blank\" style=\"color: #\">\n\t\t<span style=\"padding-right: 5px;\" class=\"fa fas fa-picture-o fa-image\"><\/span>Foto\t<\/a>\n<\/p>\n\t<\/div>\n\n\n\n<div id=\"cff_535453223508551_594271169162806\" class=\"cff-item cff-video-post author-that-basement\" >\n\t\n<div class=\"cff-post-text\" >\n\t<span class=\"cff-text\" data-color=\"\">\n\t\t<a href=\"https:\/\/facebook.com\/263850500305693\">WILT<\/a> bringen die Boxen zum Arbeiten. Wieder einmal ein amtliches Ergebnis das da aus den Membranen t\u00f6nt \ud83e\udd70\t\t\t<\/span>\n\t<span class=\"cff-expand\">... <a href=\"#\" style=\"color: #\"><span class=\"cff-more\">Mehr sehen<\/span><span class=\"cff-less\">Weniger sehen<\/span><\/a><\/span>\n\n<\/div>\n\n<p class=\"cff-media-link\">\n\t<a href=\"https:\/\/www.facebook.com\/535453223508551\/posts\/594271169162806\" target=\"_blank\" style=\"color: #\">\n\t\t<span style=\"padding-right: 5px;\" class=\"fa fas fa-video-camera fa-video\"><\/span>Video\t<\/a>\n<\/p>\n\t<\/div>\n\n\n\n<div id=\"cff_535453223508551_578246194098637\" class=\"cff-item cff-photo-post author-that-basement\" >\n\t\n<div class=\"cff-post-text\" >\n\t<span class=\"cff-text\" data-color=\"\">\n\t\tDa entstand heute wieder etwas magisches mit der Hilfe von <a href=\"https:\/\/facebook.com\/103817674819794\">Soultone Cymbals DACH<\/a> <img class=\"cff-linebreak\" \/>8h ballern am Samstag \ud83e\udd70<img class=\"cff-linebreak\" \/><a href=\"https:\/\/facebook.com\/544141655645567\">#soultonecymbalsartist<\/a> <a href=\"https:\/\/facebook.com\/238737019599793\">#ballern<\/a> <a href=\"https:\/\/facebook.com\/348184498625282\">#ilovemylife<\/a> <a href=\"https:\/\/facebook.com\/434422133319512\">#electrovoice<\/a> <a href=\"https:\/\/facebook.com\/450561221678853\">#sonordrums<\/a> <a href=\"https:\/\/facebook.com\/486004071466284\">#remodrumheads<\/a> <a href=\"https:\/\/facebook.com\/5513194128766581\">#muttisaltedecke<\/a> <a href=\"https:\/\/facebook.com\/450042948403871\">#ThatBasement<\/a>\t\t\t<\/span>\n\t<span class=\"cff-expand\">... <a href=\"#\" style=\"color: #\"><span class=\"cff-more\">Mehr sehen<\/span><span class=\"cff-less\">Weniger sehen<\/span><\/a><\/span>\n\n<\/div>\n\n<p class=\"cff-media-link\">\n\t<a href=\"https:\/\/www.facebook.com\/photo.php?fbid=578246174098639&#038;set=a.544957867427470&#038;type=3\" target=\"_blank\" style=\"color: #\">\n\t\t<span style=\"padding-right: 5px;\" class=\"fa fas fa-picture-o fa-image\"><\/span>Foto\t<\/a>\n<\/p>\n\t<\/div>\n\n\n\n<div id=\"cff_535453223508551_568273541762569\" class=\"cff-item cff-video-post author-that-basement\" >\n\t\n<div class=\"cff-post-text\" >\n\t<span class=\"cff-text\" data-color=\"\">\n\t\tWrestleManiacs - MDK (Murder Death Kill) OFFICIAL VIDEO\t\t\t<\/span>\n\t<span class=\"cff-expand\">... <a href=\"#\" style=\"color: #\"><span class=\"cff-more\">Mehr sehen<\/span><span class=\"cff-less\">Weniger sehen<\/span><\/a><\/span>\n\n<\/div>\n\n\n<div class=\"cff-shared-link \" >\n\t<div class=\"cff-text-link cff-no-image\">\n\t\t\t\t\t<p class=\"cff-link-title\" >\n\t\t\t\t<a href=\"https:\/\/www.youtube.com\/watch?v=tsYtisxNNA8\" target=\"_blank\"  rel=\"nofollow noopener noreferrer\" style=\"color:#;\">WrestleManiacs - MDK (Murder Death Kill) OFFICIAL VIDEO<\/a>\n\t\t\t<\/p>\n\t\t\n\t\t\t\t\t<p class=\"cff-link-caption\" >www.youtube.com<\/p>\n\t\t\n\t\t\t\t\t<span class=\"cff-post-desc\" >WrestleManiacs - MDK (Murder Death Kill) Video from the upcoming EP &quot;STILL REAL TO US&quot;<\/span>\n\t\t\t\t\n\t<\/div>\n<\/div>\n\n<p class=\"cff-media-link\">\n\t<a href=\"https:\/\/www.facebook.com\/535453223508551_568273541762569\" target=\"_blank\" style=\"color: #\">\n\t\t<span style=\"padding-right: 5px;\" class=\"fa fas fa-video-camera fa-video\"><\/span>Video\t<\/a>\n<\/p>\n\t<\/div>\n\n\n\n<div id=\"cff_535453223508551_1704618306592031\" class=\"cff-item cff-photo-post author-that-basement\" >\n\t\n<div class=\"cff-post-text\" >\n\t<span class=\"cff-text\" data-color=\"\">\n\t\tNeue Electro Voice microphones PL37 um die Becken von <a href=\"https:\/\/facebook.com\/103817674819794\">Soultone Cymbals DACH<\/a> richtig einzufangen \ud83e\udd70<img class=\"cff-linebreak\" \/><img class=\"cff-linebreak\" \/><a href=\"https:\/\/facebook.com\/595236473837105\">#soultonecymbals<\/a> <a href=\"https:\/\/facebook.com\/450561221678853\">#sonordrums<\/a> <a href=\"https:\/\/facebook.com\/486004071466284\">#remodrumheads<\/a>  <a href=\"https:\/\/facebook.com\/365124010267200\">#evansdrumheads<\/a> <a href=\"https:\/\/facebook.com\/450042948403871\">#ThatBasement<\/a> <a href=\"https:\/\/facebook.com\/150825805078922\">#dwdrums<\/a>\t\t\t<\/span>\n\t<span class=\"cff-expand\">... <a href=\"#\" style=\"color: #\"><span class=\"cff-more\">Mehr sehen<\/span><span class=\"cff-less\">Weniger sehen<\/span><\/a><\/span>\n\n<\/div>\n\n<p class=\"cff-media-link\">\n\t<a href=\"https:\/\/www.facebook.com\/photo.php?fbid=1704618279925367&#038;set=a.544957867427470&#038;type=3\" target=\"_blank\" style=\"color: #\">\n\t\t<span style=\"padding-right: 5px;\" class=\"fa fas fa-picture-o fa-image\"><\/span>Foto\t<\/a>\n<\/p>\n\t<\/div>\n\n\n\n<\/div><input class=\"cff-pag-url\" type=\"hidden\" data-locatornonce=\"df601d9bf1\" data-cff-shortcode=\"\" data-post-id=\"320\" data-feed-id=\"535453223508551\"><\/div><\/div><div class=\"cff-clear\"><\/div><\/div>\n","protected":false},"excerpt":{"rendered":"","protected":false},"author":1,"featured_media":0,"parent":0,"menu_order":0,"comment_status":"closed","ping_status":"closed","template":"","meta":{"ngg_post_thumbnail":0,"footnotes":""},"class_list":["post-320","page","type-page","status-publish","hentry"],"_links":{"self":[{"href":"https:\/\/www.thatbasement.de\/index.php\/wp-json\/wp\/v2\/pages\/320","targetHints":{"allow":["GET"]}}],"collection":[{"href":"https:\/\/www.thatbasement.de\/index.php\/wp-json\/wp\/v2\/pages"}],"about":[{"href":"https:\/\/www.thatbasement.de\/index.php\/wp-json\/wp\/v2\/types\/page"}],"author":[{"embeddable":true,"href":"https:\/\/www.thatbasement.de\/index.php\/wp-json\/wp\/v2\/users\/1"}],"replies":[{"embeddable":true,"href":"https:\/\/www.thatbasement.de\/index.php\/wp-json\/wp\/v2\/comments?post=320"}],"version-history":[{"count":3,"href":"https:\/\/www.thatbasement.de\/index.php\/wp-json\/wp\/v2\/pages\/320\/revisions"}],"predecessor-version":[{"id":551,"href":"https:\/\/www.thatbasement.de\/index.php\/wp-json\/wp\/v2\/pages\/320\/revisions\/551"}],"wp:attachment":[{"href":"https:\/\/www.thatbasement.de\/index.php\/wp-json\/wp\/v2\/media?parent=320"}],"curies":[{"name":"wp","href":"https:\/\/api.w.org\/{rel}","templated":true}]}}